{"id":94,"date":"2021-04-21T14:55:12","date_gmt":"2021-04-21T14:55:12","guid":{"rendered":"https:\/\/www.sligo.com.br\/web\/?page_id=94"},"modified":"2021-06-07T17:11:01","modified_gmt":"2021-06-07T17:11:01","slug":"nossos-valores","status":"publish","type":"page","link":"https:\/\/www.sligo.com.br\/web\/?page_id=94","title":{"rendered":"Nossos Valores"},"content":{"rendered":"\n<div class=\"wp-block-image\"><figure class=\"aligncenter size-large\"><img decoding=\"async\" loading=\"lazy\" width=\"567\" height=\"516\" src=\"https:\/\/www.sligo.com.br\/web\/wp-content\/uploads\/2021\/05\/MissaoVisaoValores.png\" alt=\"\" class=\"wp-image-154\" srcset=\"https:\/\/www.sligo.com.br\/web\/wp-content\/uploads\/2021\/05\/MissaoVisaoValores.png 567w, https:\/\/www.sligo.com.br\/web\/wp-content\/uploads\/2021\/05\/MissaoVisaoValores-300x273.png 300w\" sizes=\"(max-width: 567px) 100vw, 567px\" \/><\/figure><\/div>\n\n\n\n<p>A marca SLIGO ela resume a miss\u00e3o, vis\u00e3o e valores da empresa. Quem trabalha na SLIGO, respira o significado da marca com a miss\u00e3o de honrar o compromisso de ser a melhor na \u00e1rea de Seguran\u00e7a do Trabalho.<\/p>\n\n\n\n<p><strong>Miss\u00e3o<\/strong>:<\/p>\n\n\n\n<p>Atingir a excel\u00eancia Organizacional de nossos clientes e parceiros, distribuindo produtos e servi\u00e7os de qualidade para diminuir a taxa de acidentes do trabalho.<\/p>\n\n\n\n<p><strong>Vis\u00e3o:<\/strong><\/p>\n\n\n\n<p>Ser reconhecida como a melhor empresa do segmento<\/p>\n\n\n\n<p><strong>Valores:<\/strong><\/p>\n\n\n\n<p><strong>Crer em Deus:<\/strong> Cremos em um Deus que est\u00e1 acima de todas as coisas e com Ele podemos ir longe.<\/p>\n\n\n\n<p><strong>Integridade e \u00e9tica:<\/strong>&nbsp;Conduzimos nossos neg\u00f3cios de forma transparente e \u00edntegra. Pautamos nossas a\u00e7\u00f5es pelos mais altos padr\u00f5es de \u00e9tica e profissionalismo.<\/p>\n\n\n\n<p><strong>Atitude:<\/strong>&nbsp;Pensamos e agimos como donos do neg\u00f3cio, garimpando todas as oportunidades que aparecem no mercado. Somos comprometidos, persistentes, proativos e tomamos riscos de forma respons\u00e1vel. &nbsp;Sempre buscando o que h\u00e1 de mais moderno na Seguran\u00e7a do Trabalho.<\/p>\n\n\n\n<p><strong>Excel\u00eancia e Qualidade:<\/strong>&nbsp;Mantemos nossa obstina\u00e7\u00e3o pelas coisas bem feitas e pela busca dos mais altos padr\u00f5es de qualidade. Desenvolvemos e implantamos padr\u00f5es de excel\u00eancia em tudo o que fazemos. Isso est\u00e1 em nosso DNA. Para ser sempre os melhores e obter a satisfa\u00e7\u00e3o m\u00e1xima de nossos clientes e parceiros.<\/p>\n","protected":false},"excerpt":{"rendered":"<p>A marca SLIGO ela resume a miss\u00e3o, vis\u00e3o e valores da empresa. Quem trabalha na SLIGO, respira o significado da marca com a miss\u00e3o de honrar o compromisso de ser a melhor na \u00e1rea de Seguran\u00e7a do Trabalho. Miss\u00e3o: Atingir a excel\u00eancia Organizacional de nossos clientes e parceiros, distribuindo produtos e servi\u00e7os de qualidade para&hellip; <br \/> <a class=\"read-more\" href=\"https:\/\/www.sligo.com.br\/web\/?page_id=94\">Leia mais<\/a><\/p>\n","protected":false},"author":1,"featured_media":0,"parent":0,"menu_order":0,"comment_status":"closed","ping_status":"closed","template":"","meta":[],"_links":{"self":[{"href":"https:\/\/www.sligo.com.br\/web\/index.php?rest_route=\/wp\/v2\/pages\/94"}],"collection":[{"href":"https:\/\/www.sligo.com.br\/web\/index.php?rest_route=\/wp\/v2\/pages"}],"about":[{"href":"https:\/\/www.sligo.com.br\/web\/index.php?rest_route=\/wp\/v2\/types\/page"}],"author":[{"embeddable":true,"href":"https:\/\/www.sligo.com.br\/web\/index.php?rest_route=\/wp\/v2\/users\/1"}],"replies":[{"embeddable":true,"href":"https:\/\/www.sligo.com.br\/web\/index.php?rest_route=%2Fwp%2Fv2%2Fcomments&post=94"}],"version-history":[{"count":5,"href":"https:\/\/www.sligo.com.br\/web\/index.php?rest_route=\/wp\/v2\/pages\/94\/revisions"}],"predecessor-version":[{"id":188,"href":"https:\/\/www.sligo.com.br\/web\/index.php?rest_route=\/wp\/v2\/pages\/94\/revisions\/188"}],"wp:attachment":[{"href":"https:\/\/www.sligo.com.br\/web\/index.php?rest_route=%2Fwp%2Fv2%2Fmedia&parent=94"}],"curies":[{"name":"wp","href":"https:\/\/api.w.org\/{rel}","templated":true}]}}