{"id":101,"date":"2021-04-21T15:01:47","date_gmt":"2021-04-21T15:01:47","guid":{"rendered":"https:\/\/www.sligo.com.br\/web\/?page_id=101"},"modified":"2022-09-20T12:18:38","modified_gmt":"2022-09-20T12:18:38","slug":"nossos-servicos","status":"publish","type":"page","link":"https:\/\/www.sligo.com.br\/web\/?page_id=101","title":{"rendered":"Nossos Servi\u00e7os"},"content":{"rendered":"\n<div class=\"wp-block-columns is-layout-flex wp-container-5\">\n<div class=\"wp-block-column is-layout-flow\">\n<p><strong>GEST\u00c3O EM SEGURAN\u00c7A DO TRABALHO<\/strong>.<\/p>\n\n\n\n<p><strong>TREINAMENTOS<\/strong>.<\/p>\n\n\n\n<p><strong>EVENTOS<\/strong>:<\/p>\n\n\n\n<p>Ambul\u00e2ncia<br>Posto M\u00e9dico<br>Alvara para evento tempor\u00e1rio<br>Extintores<\/p>\n\n\n\n<p><strong>PROFISSIONAIS TERCERIZADOS<\/strong>:<\/p>\n\n\n\n<p>Bombeiro Civil\/ Brigadista<br>Salva Vidas<br>Seguran\u00e7as<br>Recepcionistas<br>T\u00e9cnico de Seguran\u00e7a<\/p>\n<\/div>\n\n\n\n<div class=\"wp-block-column is-layout-flow\">\n<figure class=\"wp-block-gallery has-nested-images columns-default is-cropped wp-block-gallery-2 is-layout-flex\">\n<figure class=\"wp-block-image size-large\"><img decoding=\"async\" loading=\"lazy\" width=\"770\" height=\"1024\" src=\"https:\/\/www.sligo.com.br\/web\/wp-content\/uploads\/2021\/05\/Foto-5-770x1024.jpg\" alt=\"\" class=\"wp-image-142\" srcset=\"https:\/\/www.sligo.com.br\/web\/wp-content\/uploads\/2021\/05\/Foto-5-770x1024.jpg 770w, https:\/\/www.sligo.com.br\/web\/wp-content\/uploads\/2021\/05\/Foto-5-226x300.jpg 226w, https:\/\/www.sligo.com.br\/web\/wp-content\/uploads\/2021\/05\/Foto-5-768x1022.jpg 768w, https:\/\/www.sligo.com.br\/web\/wp-content\/uploads\/2021\/05\/Foto-5-812x1080.jpg 812w, https:\/\/www.sligo.com.br\/web\/wp-content\/uploads\/2021\/05\/Foto-5.jpg 872w\" sizes=\"(max-width: 770px) 100vw, 770px\" \/><\/figure>\n\n\n\n<figure class=\"wp-block-image size-large\"><img decoding=\"async\" loading=\"lazy\" width=\"770\" height=\"1024\" src=\"https:\/\/www.sligo.com.br\/web\/wp-content\/uploads\/2021\/05\/Foto-12-770x1024.jpeg\" alt=\"\" class=\"wp-image-162\" srcset=\"https:\/\/www.sligo.com.br\/web\/wp-content\/uploads\/2021\/05\/Foto-12-770x1024.jpeg 770w, https:\/\/www.sligo.com.br\/web\/wp-content\/uploads\/2021\/05\/Foto-12-226x300.jpeg 226w, https:\/\/www.sligo.com.br\/web\/wp-content\/uploads\/2021\/05\/Foto-12-768x1022.jpeg 768w, https:\/\/www.sligo.com.br\/web\/wp-content\/uploads\/2021\/05\/Foto-12-812x1080.jpeg 812w, https:\/\/www.sligo.com.br\/web\/wp-content\/uploads\/2021\/05\/Foto-12.jpeg 872w\" sizes=\"(max-width: 770px) 100vw, 770px\" \/><\/figure>\n\n\n\n<figure class=\"wp-block-image size-large\"><img decoding=\"async\" loading=\"lazy\" width=\"1024\" height=\"770\" src=\"https:\/\/www.sligo.com.br\/web\/wp-content\/uploads\/2021\/05\/Foto-4-1024x770.jpg\" alt=\"\" class=\"wp-image-138\" srcset=\"https:\/\/www.sligo.com.br\/web\/wp-content\/uploads\/2021\/05\/Foto-4-1024x770.jpg 1024w, https:\/\/www.sligo.com.br\/web\/wp-content\/uploads\/2021\/05\/Foto-4-300x226.jpg 300w, https:\/\/www.sligo.com.br\/web\/wp-content\/uploads\/2021\/05\/Foto-4-768x577.jpg 768w, https:\/\/www.sligo.com.br\/web\/wp-content\/uploads\/2021\/05\/Foto-4.jpg 1160w\" sizes=\"(max-width: 1024px) 100vw, 1024px\" \/><\/figure>\n\n\n\n<figure class=\"wp-block-image size-large\"><img decoding=\"async\" loading=\"lazy\" width=\"998\" height=\"1024\" src=\"https:\/\/www.sligo.com.br\/web\/wp-content\/uploads\/2021\/05\/Foto-11-998x1024.jpeg\" alt=\"\" class=\"wp-image-161\" srcset=\"https:\/\/www.sligo.com.br\/web\/wp-content\/uploads\/2021\/05\/Foto-11-998x1024.jpeg 998w, https:\/\/www.sligo.com.br\/web\/wp-content\/uploads\/2021\/05\/Foto-11-293x300.jpeg 293w, https:\/\/www.sligo.com.br\/web\/wp-content\/uploads\/2021\/05\/Foto-11-768x788.jpeg 768w, https:\/\/www.sligo.com.br\/web\/wp-content\/uploads\/2021\/05\/Foto-11-1024x1050.jpeg 1024w, https:\/\/www.sligo.com.br\/web\/wp-content\/uploads\/2021\/05\/Foto-11-1053x1080.jpeg 1053w, https:\/\/www.sligo.com.br\/web\/wp-content\/uploads\/2021\/05\/Foto-11.jpeg 1248w\" sizes=\"(max-width: 998px) 100vw, 998px\" \/><\/figure>\n<\/figure>\n<\/div>\n<\/div>\n\n\n\n<p><\/p>\n","protected":false},"excerpt":{"rendered":"<p>GEST\u00c3O EM SEGURAN\u00c7A DO TRABALHO. TREINAMENTOS. EVENTOS: Ambul\u00e2nciaPosto M\u00e9dicoAlvara para evento tempor\u00e1rioExtintores PROFISSIONAIS TERCERIZADOS: Bombeiro Civil\/ BrigadistaSalva VidasSeguran\u00e7asRecepcionistasT\u00e9cnico de Seguran\u00e7a<\/p>\n","protected":false},"author":1,"featured_media":0,"parent":0,"menu_order":0,"comment_status":"closed","ping_status":"closed","template":"","meta":[],"_links":{"self":[{"href":"https:\/\/www.sligo.com.br\/web\/index.php?rest_route=\/wp\/v2\/pages\/101"}],"collection":[{"href":"https:\/\/www.sligo.com.br\/web\/index.php?rest_route=\/wp\/v2\/pages"}],"about":[{"href":"https:\/\/www.sligo.com.br\/web\/index.php?rest_route=\/wp\/v2\/types\/page"}],"author":[{"embeddable":true,"href":"https:\/\/www.sligo.com.br\/web\/index.php?rest_route=\/wp\/v2\/users\/1"}],"replies":[{"embeddable":true,"href":"https:\/\/www.sligo.com.br\/web\/index.php?rest_route=%2Fwp%2Fv2%2Fcomments&post=101"}],"version-history":[{"count":20,"href":"https:\/\/www.sligo.com.br\/web\/index.php?rest_route=\/wp\/v2\/pages\/101\/revisions"}],"predecessor-version":[{"id":194,"href":"https:\/\/www.sligo.com.br\/web\/index.php?rest_route=\/wp\/v2\/pages\/101\/revisions\/194"}],"wp:attachment":[{"href":"https:\/\/www.sligo.com.br\/web\/index.php?rest_route=%2Fwp%2Fv2%2Fmedia&parent=101"}],"curies":[{"name":"wp","href":"https:\/\/api.w.org\/{rel}","templated":true}]}}